{"id":26,"date":"2025-12-29T12:45:43","date_gmt":"2025-12-29T12:45:43","guid":{"rendered":"https:\/\/giving-graves-h6vga.zipwp.xyz\/?page_id=26"},"modified":"2025-12-29T16:21:50","modified_gmt":"2025-12-29T16:21:50","slug":"services","status":"publish","type":"page","link":"https:\/\/doitservices.ovh\/index.php\/services\/","title":{"rendered":"Us\u0142ugi"},"content":{"rendered":"\n<div class=\"wp-block-uagb-container uagb-block-dde5c922 alignfull uagb-is-root-container\">\n<div class=\"wp-block-uagb-container uagb-block-b618de5d\">\n<div class=\"wp-block-uagb-advanced-heading uagb-block-1d772575\"><h1 class=\"uagb-heading-text\">Wysokiej jako\u015bci us\u0142ugi IT dla Twojego biznesu<\/h1><\/div>\n<\/div>\n<\/div>\n\n\n\n<div class=\"wp-block-uagb-container uagb-block-4b0b8f05 alignfull uagb-is-root-container\"><div class=\"uagb-container-inner-blocks-wrap\">\n<div class=\"wp-block-uagb-advanced-heading uagb-block-ab53c455\"><h2 class=\"uagb-heading-text\">Nasze kluczowe us\u0142ugi IT dla firm i klient\u00f3w indywidualnych<\/h2><p class=\"uagb-desc-text\">Oferujemy kompleksowe wsparcie techniczne i doradcze dla ma\u0142ych przedsi\u0119biorstw oraz os\u00f3b prywatnych w zakresie IT na \u015bl\u0105sku.<\/p><\/div>\n\n\n\n<div class=\"wp-block-uagb-container uagb-layout-flex uagb-block-9286c5ad\">\n<div class=\"wp-block-uagb-container uagb-layout-grid uagb-block-e0d18796\">\n<div class=\"wp-block-uagb-image alignleft uagb-block-7948ea86 wp-block-uagb-image--layout-default wp-block-uagb-image--effect-static wp-block-uagb-image--align-left\"><figure class=\"wp-block-uagb-image__figure\"><img decoding=\"async\" srcset=\"https:\/\/doitservices.ovh\/wp-content\/uploads\/2025\/12\/person-holding-white-and-blue-box-5716001-3.jpeg ,https:\/\/doitservices.ovh\/wp-content\/uploads\/2025\/12\/person-holding-white-and-blue-box-5716001-3.jpeg 780w, https:\/\/doitservices.ovh\/wp-content\/uploads\/2025\/12\/person-holding-white-and-blue-box-5716001-3.jpeg 360w\" sizes=\"auto, (max-width: 480px) 150px\" src=\"https:\/\/doitservices.ovh\/wp-content\/uploads\/2025\/12\/person-holding-white-and-blue-box-5716001-3.jpeg\" alt=\"Business professionals discussing data charts and graphs in a modern office setting.\" class=\"uag-image-318\" width=\"290\" height=\"400\" title=\"creative-01\" loading=\"lazy\" role=\"img\"\/><\/figure><\/div>\n\n\n\n<div class=\"wp-block-uagb-container uagb-layout-grid uagb-block-fa136307\">\n<div class=\"wp-block-uagb-image uagb-block-699919ef wp-block-uagb-image--layout-default wp-block-uagb-image--effect-static wp-block-uagb-image--align-none\"><figure class=\"wp-block-uagb-image__figure\"><img decoding=\"async\" srcset=\"https:\/\/doitservices.ovh\/wp-content\/uploads\/2025\/12\/a-golden-balance-scale-beside-a-laptop-6077797-3.jpeg ,https:\/\/doitservices.ovh\/wp-content\/uploads\/2025\/12\/a-golden-balance-scale-beside-a-laptop-6077797-3.jpeg 780w, https:\/\/doitservices.ovh\/wp-content\/uploads\/2025\/12\/a-golden-balance-scale-beside-a-laptop-6077797-3.jpeg 360w\" sizes=\"auto, (max-width: 480px) 150px\" src=\"https:\/\/doitservices.ovh\/wp-content\/uploads\/2025\/12\/a-golden-balance-scale-beside-a-laptop-6077797-3.jpeg\" alt=\"Golden justice scales on a desk beside a laptop, symbolizing law and balance.\" class=\"uag-image-321\" width=\"290\" height=\"200\" title=\"creative-02\" loading=\"lazy\" role=\"img\"\/><\/figure><\/div>\n\n\n\n<div class=\"wp-block-uagb-image uagb-block-ba62a8af wp-block-uagb-image--layout-default wp-block-uagb-image--effect-static wp-block-uagb-image--align-none\"><figure class=\"wp-block-uagb-image__figure\"><img decoding=\"async\" srcset=\"https:\/\/doitservices.ovh\/wp-content\/uploads\/2025\/12\/person-using-laptop-on-white-wooden-table-iusj25iyu1c-3.jpeg ,https:\/\/doitservices.ovh\/wp-content\/uploads\/2025\/12\/person-using-laptop-on-white-wooden-table-iusj25iyu1c-3.jpeg 780w, https:\/\/doitservices.ovh\/wp-content\/uploads\/2025\/12\/person-using-laptop-on-white-wooden-table-iusj25iyu1c-3.jpeg 360w\" sizes=\"auto, (max-width: 480px) 150px\" src=\"https:\/\/doitservices.ovh\/wp-content\/uploads\/2025\/12\/person-using-laptop-on-white-wooden-table-iusj25iyu1c-3.jpeg\" alt=\"Business Top Shot - www.chromaluts.shop\" class=\"uag-image-319\" width=\"290\" height=\"190\" title=\"creative-03\" loading=\"lazy\" role=\"img\"\/><\/figure><\/div>\n<\/div>\n<\/div>\n\n\n\n<div class=\"wp-block-uagb-container uagb-block-b6ad80b7\">\n<div class=\"wp-block-uagb-info-box uagb-block-db3dcad8 uagb-infobox__content-wrap  uagb-infobox-icon-above-title uagb-infobox-image-valign-top\"><div class=\"uagb-ifb-content\"><div class=\"uagb-ifb-title-wrap\"><h3 class=\"uagb-ifb-title-prefix\">Doradztwo IT<\/h3><p class=\"uagb-ifb-title\">Nasze doradztwo IT pomo\u017ce Ci wybra\u0107 najlepsze urz\u0105dzenia i oprogramowanie, kt\u00f3re odpowiadaj\u0105 potrzebom Twojego biznesu i bud\u017cetu.<\/p><\/div><p class=\"uagb-ifb-desc\">Pomoc w wyborze sprz\u0119tu i oprogramowania IT.<\/p><\/div><\/div>\n<\/div>\n<\/div>\n<\/div><\/div>\n\n\n\n<div class=\"wp-block-uagb-container uagb-block-9c49fb5c alignfull uagb-is-root-container\"><div class=\"uagb-container-inner-blocks-wrap\">\n<div class=\"wp-block-uagb-container uagb-block-a194e2c0\">\n<div class=\"wp-block-uagb-info-box uagb-block-945d7a36 uagb-infobox__content-wrap  uagb-infobox-icon-above-title uagb-infobox-image-valign-top\"><div class=\"uagb-ifb-content\"><div class=\"uagb-ifb-title-wrap\"><h3 class=\"uagb-ifb-title-prefix\">Obs\u0142uga techniczna stron<\/h3><p class=\"uagb-ifb-title\">Zajmiemy si\u0119 kompleksow\u0105 obs\u0142ug\u0105 techniczn\u0105 Twojej strony internetowej, zapewniaj\u0105c aktualizacje, wsparcie i optymalizacj\u0119 wydajno\u015bci.<\/p><\/div><p class=\"uagb-ifb-desc\">Profesjonalna pomoc w utrzymaniu i zarz\u0105dzaniu stronami internetowymi.<\/p><\/div><\/div>\n<\/div>\n\n\n\n<div class=\"wp-block-uagb-container uagb-layout-grid uagb-block-87eea3b5\">\n<div class=\"wp-block-uagb-image alignleft uagb-block-fdb7a1ed wp-block-uagb-image--layout-default wp-block-uagb-image--effect-static wp-block-uagb-image--align-left\"><figure class=\"wp-block-uagb-image__figure\"><img decoding=\"async\" srcset=\"https:\/\/doitservices.ovh\/wp-content\/uploads\/2025\/12\/person-using-laptop-flpc9-vocj4-3.jpeg ,https:\/\/doitservices.ovh\/wp-content\/uploads\/2025\/12\/person-using-laptop-flpc9-vocj4-3.jpeg 780w, https:\/\/doitservices.ovh\/wp-content\/uploads\/2025\/12\/person-using-laptop-flpc9-vocj4-3.jpeg 360w\" sizes=\"auto, (max-width: 480px) 150px\" src=\"https:\/\/doitservices.ovh\/wp-content\/uploads\/2025\/12\/person-using-laptop-flpc9-vocj4-3.jpeg\" alt=\"what\u2019s going on here\" class=\"uag-image-317\" width=\"600\" height=\"220\" title=\"digital-01\" loading=\"lazy\" role=\"img\"\/><\/figure><\/div>\n\n\n\n<div class=\"wp-block-uagb-container uagb-layout-grid uagb-block-59295ad8\">\n<div class=\"wp-block-uagb-image alignleft uagb-block-1d740a84 wp-block-uagb-image--layout-default wp-block-uagb-image--effect-static wp-block-uagb-image--align-left\"><figure class=\"wp-block-uagb-image__figure\"><img decoding=\"async\" srcset=\"https:\/\/doitservices.ovh\/wp-content\/uploads\/2025\/12\/two-women-looking-at-the-code-at-laptop-1181263-3.jpeg ,https:\/\/doitservices.ovh\/wp-content\/uploads\/2025\/12\/two-women-looking-at-the-code-at-laptop-1181263-3.jpeg 780w, https:\/\/doitservices.ovh\/wp-content\/uploads\/2025\/12\/two-women-looking-at-the-code-at-laptop-1181263-3.jpeg 360w\" sizes=\"auto, (max-width: 480px) 150px\" src=\"https:\/\/doitservices.ovh\/wp-content\/uploads\/2025\/12\/two-women-looking-at-the-code-at-laptop-1181263-3.jpeg\" alt=\"Two women working together on software programming indoors, focusing on code.\" class=\"uag-image-320\" width=\"295\" height=\"190\" title=\"creative-02\" loading=\"lazy\" role=\"img\"\/><\/figure><\/div>\n\n\n\n<div class=\"wp-block-uagb-image alignright uagb-block-208e11b1 wp-block-uagb-image--layout-default wp-block-uagb-image--effect-static wp-block-uagb-image--align-right\"><figure class=\"wp-block-uagb-image__figure\"><img decoding=\"async\" srcset=\"https:\/\/doitservices.ovh\/wp-content\/uploads\/2025\/12\/person-holding-white-and-blue-box-5716001-3.jpeg ,https:\/\/doitservices.ovh\/wp-content\/uploads\/2025\/12\/person-holding-white-and-blue-box-5716001-3.jpeg 780w, https:\/\/doitservices.ovh\/wp-content\/uploads\/2025\/12\/person-holding-white-and-blue-box-5716001-3.jpeg 360w\" sizes=\"auto, (max-width: 480px) 150px\" src=\"https:\/\/doitservices.ovh\/wp-content\/uploads\/2025\/12\/person-holding-white-and-blue-box-5716001-3.jpeg\" alt=\"Business professionals discussing data charts and graphs in a modern office setting.\" class=\"uag-image-318\" width=\"295\" height=\"190\" title=\"creative-03\" loading=\"lazy\" role=\"img\"\/><\/figure><\/div>\n<\/div>\n<\/div>\n<\/div><\/div>\n\n\n\n<div class=\"wp-block-uagb-container uagb-layout-grid uagb-block-50c22393 alignfull uagb-is-root-container\"><div class=\"uagb-container-inner-blocks-wrap\">\n<div class=\"wp-block-uagb-advanced-heading uagb-block-128c480c\"><h2 class=\"uagb-heading-text\">Zainwestuj w przysz\u0142o\u015b\u0107 swojej firmy<\/h2><\/div>\n\n\n\n<div class=\"wp-block-uagb-buttons uagb-buttons__outer-wrap uagb-btn__default-btn uagb-btn-tablet__default-btn uagb-btn-mobile__default-btn uagb-block-57710382\"><div class=\"uagb-buttons__wrap uagb-buttons-layout-wrap \">\n<div class=\"wp-block-uagb-buttons-child uagb-buttons__outer-wrap uagb-block-66d0176e wp-block-button\"><div class=\"uagb-button__wrapper\"><a class=\"uagb-buttons-repeater wp-block-button__link\" aria-label=\"\" href=\"contact\/\" rel=\"follow noopener\" target=\"_self\" role=\"button\"><div class=\"uagb-button__link\">Skontaktuj si\u0119 z nami<\/div><\/a><\/div><\/div>\n<\/div><\/div>\n<\/div><\/div>\n\n\n\n<div class=\"wp-block-uagb-container uagb-block-720eadde alignfull uagb-is-root-container\"><div class=\"uagb-container-inner-blocks-wrap\">\n<div class=\"wp-block-uagb-container uagb-layout-grid uagb-block-a3bf1eb5\">\n<div class=\"wp-block-uagb-image alignleft uagb-block-7bc454bd wp-block-uagb-image--layout-default wp-block-uagb-image--effect-static wp-block-uagb-image--align-left\"><figure class=\"wp-block-uagb-image__figure\"><img decoding=\"async\" srcset=\"https:\/\/doitservices.ovh\/wp-content\/uploads\/2025\/12\/a-golden-balance-scale-beside-a-laptop-6077797-3.jpeg ,https:\/\/doitservices.ovh\/wp-content\/uploads\/2025\/12\/a-golden-balance-scale-beside-a-laptop-6077797-3.jpeg 780w, https:\/\/doitservices.ovh\/wp-content\/uploads\/2025\/12\/a-golden-balance-scale-beside-a-laptop-6077797-3.jpeg 360w\" sizes=\"auto, (max-width: 480px) 150px\" src=\"https:\/\/doitservices.ovh\/wp-content\/uploads\/2025\/12\/a-golden-balance-scale-beside-a-laptop-6077797-3.jpeg\" alt=\"Golden justice scales on a desk beside a laptop, symbolizing law and balance.\" class=\"uag-image-321\" width=\"290\" height=\"400\" title=\"mobile-01\" loading=\"lazy\" role=\"img\"\/><\/figure><\/div>\n\n\n\n<div class=\"wp-block-uagb-container uagb-layout-grid uagb-block-bb1f3750\">\n<div class=\"wp-block-uagb-image uagb-block-e8327ccd wp-block-uagb-image--layout-default wp-block-uagb-image--effect-static wp-block-uagb-image--align-none\"><figure class=\"wp-block-uagb-image__figure\"><img decoding=\"async\" srcset=\"https:\/\/doitservices.ovh\/wp-content\/uploads\/2025\/12\/person-using-laptop-on-white-wooden-table-iusj25iyu1c-3.jpeg ,https:\/\/doitservices.ovh\/wp-content\/uploads\/2025\/12\/person-using-laptop-on-white-wooden-table-iusj25iyu1c-3.jpeg 780w, https:\/\/doitservices.ovh\/wp-content\/uploads\/2025\/12\/person-using-laptop-on-white-wooden-table-iusj25iyu1c-3.jpeg 360w\" sizes=\"auto, (max-width: 480px) 150px\" src=\"https:\/\/doitservices.ovh\/wp-content\/uploads\/2025\/12\/person-using-laptop-on-white-wooden-table-iusj25iyu1c-3.jpeg\" alt=\"Business Top Shot - www.chromaluts.shop\" class=\"uag-image-319\" width=\"290\" height=\"200\" title=\"mobile-02\" loading=\"lazy\" role=\"img\"\/><\/figure><\/div>\n\n\n\n<div class=\"wp-block-uagb-image uagb-block-b1bc896e wp-block-uagb-image--layout-default wp-block-uagb-image--effect-static wp-block-uagb-image--align-none\"><figure class=\"wp-block-uagb-image__figure\"><img decoding=\"async\" srcset=\"https:\/\/doitservices.ovh\/wp-content\/uploads\/2025\/12\/person-using-laptop-flpc9-vocj4-3.jpeg ,https:\/\/doitservices.ovh\/wp-content\/uploads\/2025\/12\/person-using-laptop-flpc9-vocj4-3.jpeg 780w, https:\/\/doitservices.ovh\/wp-content\/uploads\/2025\/12\/person-using-laptop-flpc9-vocj4-3.jpeg 360w\" sizes=\"auto, (max-width: 480px) 150px\" src=\"https:\/\/doitservices.ovh\/wp-content\/uploads\/2025\/12\/person-using-laptop-flpc9-vocj4-3.jpeg\" alt=\"what\u2019s going on here\" class=\"uag-image-317\" width=\"290\" height=\"190\" title=\"creative-03\" loading=\"lazy\" role=\"img\"\/><\/figure><\/div>\n<\/div>\n<\/div>\n\n\n\n<div class=\"wp-block-uagb-container uagb-block-e65e14d4\">\n<div class=\"wp-block-uagb-info-box uagb-block-2f1097b6 uagb-infobox__content-wrap  uagb-infobox-icon-above-title uagb-infobox-image-valign-top\"><div class=\"uagb-ifb-content\"><div class=\"uagb-ifb-title-wrap\"><h3 class=\"uagb-ifb-title-prefix\">Wynajem sprz\u0119tu IT<\/h3><p class=\"uagb-ifb-title\">Oferujemy zar\u00f3wno kr\u00f3tkoterminowy, jak i d\u0142ugoterminowy wynajem sprz\u0119tu IT, \u0142\u0105cznie z pomoc\u0105 w konfiguracji oraz wsparciem technicznym.<\/p><\/div><p class=\"uagb-ifb-desc\">Elastyczne opcje wynajmu sprz\u0119tu komputerowego.<\/p><\/div><\/div>\n<\/div>\n<\/div><\/div>\n\n\n\n<div class=\"wp-block-uagb-container uagb-block-d0418047 alignfull uagb-is-root-container\"><div class=\"uagb-container-inner-blocks-wrap\">\n<div class=\"wp-block-uagb-container uagb-block-5914c221\">\n<div class=\"wp-block-uagb-info-box uagb-block-ee05e5a5 uagb-infobox__content-wrap  uagb-infobox-icon-above-title uagb-infobox-image-valign-top\"><div class=\"uagb-ifb-content\"><div class=\"uagb-ifb-title-wrap\"><h3 class=\"uagb-ifb-title-prefix\">Bezpiecze\u0144stwo danych<\/h3><p class=\"uagb-ifb-title\">Pomagamy ma\u0142ym firmom w implementacji rozwi\u0105za\u0144 zabezpieczaj\u0105cych dane, dostosowanych do specyficznych potrzeb i wymaga\u0144 klient\u00f3w.<\/p><\/div><p class=\"uagb-ifb-desc\">Zapewnienie ochrony danych zgodnie z najlepszymi praktykami.<\/p><\/div><\/div>\n<\/div>\n\n\n\n<div class=\"wp-block-uagb-container uagb-layout-grid uagb-block-4a542158\">\n<div class=\"wp-block-uagb-image alignleft uagb-block-5a6cce3c wp-block-uagb-image--layout-default wp-block-uagb-image--effect-static wp-block-uagb-image--align-left\"><figure class=\"wp-block-uagb-image__figure\"><img decoding=\"async\" srcset=\"https:\/\/doitservices.ovh\/wp-content\/uploads\/2025\/12\/two-women-looking-at-the-code-at-laptop-1181263-3.jpeg ,https:\/\/doitservices.ovh\/wp-content\/uploads\/2025\/12\/two-women-looking-at-the-code-at-laptop-1181263-3.jpeg 780w, https:\/\/doitservices.ovh\/wp-content\/uploads\/2025\/12\/two-women-looking-at-the-code-at-laptop-1181263-3.jpeg 360w\" sizes=\"auto, (max-width: 480px) 150px\" src=\"https:\/\/doitservices.ovh\/wp-content\/uploads\/2025\/12\/two-women-looking-at-the-code-at-laptop-1181263-3.jpeg\" alt=\"Two women working together on software programming indoors, focusing on code.\" class=\"uag-image-320\" width=\"600\" height=\"220\" title=\"brand-01\" loading=\"lazy\" role=\"img\"\/><\/figure><\/div>\n\n\n\n<div class=\"wp-block-uagb-container uagb-layout-grid uagb-block-5ec0708a\">\n<div class=\"wp-block-uagb-image alignleft uagb-block-ff36ce8a wp-block-uagb-image--layout-default wp-block-uagb-image--effect-static wp-block-uagb-image--align-left\"><figure class=\"wp-block-uagb-image__figure\"><img decoding=\"async\" srcset=\"https:\/\/doitservices.ovh\/wp-content\/uploads\/2025\/12\/person-holding-white-and-blue-box-5716001-3.jpeg ,https:\/\/doitservices.ovh\/wp-content\/uploads\/2025\/12\/person-holding-white-and-blue-box-5716001-3.jpeg 780w, https:\/\/doitservices.ovh\/wp-content\/uploads\/2025\/12\/person-holding-white-and-blue-box-5716001-3.jpeg 360w\" sizes=\"auto, (max-width: 480px) 150px\" src=\"https:\/\/doitservices.ovh\/wp-content\/uploads\/2025\/12\/person-holding-white-and-blue-box-5716001-3.jpeg\" alt=\"Business professionals discussing data charts and graphs in a modern office setting.\" class=\"uag-image-318\" width=\"295\" height=\"190\" title=\"brand-02\" loading=\"lazy\" role=\"img\"\/><\/figure><\/div>\n\n\n\n<div class=\"wp-block-uagb-image alignright uagb-block-1187b92f wp-block-uagb-image--layout-default wp-block-uagb-image--effect-static wp-block-uagb-image--align-right\"><figure class=\"wp-block-uagb-image__figure\"><img decoding=\"async\" srcset=\"https:\/\/doitservices.ovh\/wp-content\/uploads\/2025\/12\/a-golden-balance-scale-beside-a-laptop-6077797-3.jpeg ,https:\/\/doitservices.ovh\/wp-content\/uploads\/2025\/12\/a-golden-balance-scale-beside-a-laptop-6077797-3.jpeg 780w, https:\/\/doitservices.ovh\/wp-content\/uploads\/2025\/12\/a-golden-balance-scale-beside-a-laptop-6077797-3.jpeg 360w\" sizes=\"auto, (max-width: 480px) 150px\" src=\"https:\/\/doitservices.ovh\/wp-content\/uploads\/2025\/12\/a-golden-balance-scale-beside-a-laptop-6077797-3.jpeg\" alt=\"Golden justice scales on a desk beside a laptop, symbolizing law and balance.\" class=\"uag-image-321\" width=\"295\" height=\"190\" title=\"brand-03\" loading=\"lazy\" role=\"img\"\/><\/figure><\/div>\n<\/div>\n<\/div>\n<\/div><\/div>\n\n\n\n<div class=\"wp-block-uagb-container uagb-block-d7b60fd6 alignfull uagb-is-root-container\"><div class=\"uagb-container-inner-blocks-wrap\">\n<div class=\"wp-block-uagb-info-box uagb-block-6fdc34d4 uagb-infobox__content-wrap  uagb-infobox-icon-above-title uagb-infobox-image-valign-top\"><div class=\"uagb-ifb-content\"><div class=\"uagb-ifb-title-wrap\"><h2 class=\"uagb-ifb-title\">Skontaktuj si\u0119 z nami ju\u017c dzi\u015b!<\/h2><\/div><p class=\"uagb-ifb-desc\">DO IT Services to zesp\u00f3\u0142 ekspert\u00f3w gotowych do pomocy w zakresie IT, kt\u00f3ry wspiera ma\u0142e firmy w rozwoju i bezpiecze\u0144stwie danych.<\/p><div class=\"uagb-ifb-button-wrapper wp-block-button\"><a href=\"index.php\/contact\/\" class=\"uagb-infobox-cta-link wp-block-button__link\" target=\"_self\" rel=\"noopener noreferrer\" onclick=\"return true;\"><span class=\"uagb-inline-editing\">Skontaktuj si\u0119 z nami<\/span><\/a><\/div><\/div><\/div>\n<\/div><\/div>\n","protected":false},"excerpt":{"rendered":"<p>Wysokiej jako\u015bci us\u0142ugi IT dla Twojego biznesu Nasze kluczowe us\u0142ugi IT dla firm i klient\u00f3w indywidualnych Oferujemy kompleksowe wsparcie techniczne [&hellip;]<\/p>\n","protected":false},"author":2,"featured_media":0,"parent":0,"menu_order":0,"comment_status":"closed","ping_status":"closed","template":"","meta":{"_uag_custom_page_level_css":"","site-sidebar-layout":"default","site-content-layout":"","ast-site-content-layout":"default","site-content-style":"default","site-sidebar-style":"default","ast-global-header-display":"","ast-banner-title-visibility":"","ast-main-header-display":"","ast-hfb-above-header-display":"","ast-hfb-below-header-display":"","ast-hfb-mobile-header-display":"","site-post-title":"disabled","ast-breadcrumbs-content":"","ast-featured-img":"","footer-sml-layout":"","ast-disable-related-posts":"","theme-transparent-header-meta":"","adv-header-id-meta":"","stick-header-meta":"","header-above-stick-meta":"","header-main-stick-meta":"","header-below-stick-meta":"","astra-migrate-meta-layouts":"default","ast-page-background-enabled":"default","ast-page-background-meta":{"desktop":{"background-color":"var(--ast-global-color-5)","background-image":"","background-repeat":"repeat","background-position":"center center","background-size":"auto","background-attachment":"scroll","background-type":"","background-media":"","overlay-type":"","overlay-color":"","overlay-opacity":"","overlay-gradient":""},"tablet":{"background-color":"","background-image":"","background-repeat":"repeat","background-position":"center center","background-size":"auto","background-attachment":"scroll","background-type":"","background-media":"","overlay-type":"","overlay-color":"","overlay-opacity":"","overlay-gradient":""},"mobile":{"background-color":"","background-image":"","background-repeat":"repeat","background-position":"center center","background-size":"auto","background-attachment":"scroll","background-type":"","background-media":"","overlay-type":"","overlay-color":"","overlay-opacity":"","overlay-gradient":""}},"ast-content-background-meta":{"desktop":{"background-color":"var(--ast-global-color-4)","background-image":"","background-repeat":"repeat","background-position":"center center","background-size":"auto","background-attachment":"scroll","background-type":"","background-media":"","overlay-type":"","overlay-color":"","overlay-opacity":"","overlay-gradient":""},"tablet":{"background-color":"var(--ast-global-color-4)","background-image":"","background-repeat":"repeat","background-position":"center center","background-size":"auto","background-attachment":"scroll","background-type":"","background-media":"","overlay-type":"","overlay-color":"","overlay-opacity":"","overlay-gradient":""},"mobile":{"background-color":"var(--ast-global-color-4)","background-image":"","background-repeat":"repeat","background-position":"center center","background-size":"auto","background-attachment":"scroll","background-type":"","background-media":"","overlay-type":"","overlay-color":"","overlay-opacity":"","overlay-gradient":""}},"footnotes":""},"class_list":["post-26","page","type-page","status-publish","hentry"],"uagb_featured_image_src":{"full":false,"thumbnail":false,"medium":false,"medium_large":false,"large":false,"1536x1536":false,"2048x2048":false},"uagb_author_info":{"display_name":"Administrator","author_link":"https:\/\/doitservices.ovh\/index.php\/author\/administrator\/"},"uagb_comment_info":0,"uagb_excerpt":"Wysokiej jako\u015bci us\u0142ugi IT dla Twojego biznesu Nasze kluczowe us\u0142ugi IT dla firm i klient\u00f3w indywidualnych Oferujemy kompleksowe wsparcie techniczne [&hellip;]","_links":{"self":[{"href":"https:\/\/doitservices.ovh\/index.php\/wp-json\/wp\/v2\/pages\/26","targetHints":{"allow":["GET"]}}],"collection":[{"href":"https:\/\/doitservices.ovh\/index.php\/wp-json\/wp\/v2\/pages"}],"about":[{"href":"https:\/\/doitservices.ovh\/index.php\/wp-json\/wp\/v2\/types\/page"}],"author":[{"embeddable":true,"href":"https:\/\/doitservices.ovh\/index.php\/wp-json\/wp\/v2\/users\/2"}],"replies":[{"embeddable":true,"href":"https:\/\/doitservices.ovh\/index.php\/wp-json\/wp\/v2\/comments?post=26"}],"version-history":[{"count":2,"href":"https:\/\/doitservices.ovh\/index.php\/wp-json\/wp\/v2\/pages\/26\/revisions"}],"predecessor-version":[{"id":429,"href":"https:\/\/doitservices.ovh\/index.php\/wp-json\/wp\/v2\/pages\/26\/revisions\/429"}],"wp:attachment":[{"href":"https:\/\/doitservices.ovh\/index.php\/wp-json\/wp\/v2\/media?parent=26"}],"curies":[{"name":"wp","href":"https:\/\/api.w.org\/{rel}","templated":true}]}}