{"id":24,"date":"2025-12-29T12:45:44","date_gmt":"2025-12-29T12:45:44","guid":{"rendered":"https:\/\/giving-graves-h6vga.zipwp.xyz\/?page_id=24"},"modified":"2025-12-29T12:45:44","modified_gmt":"2025-12-29T12:45:44","slug":"about","status":"publish","type":"page","link":"https:\/\/doitservices.ovh\/index.php\/about\/","title":{"rendered":"About"},"content":{"rendered":"\n<div class=\"wp-block-uagb-container uagb-block-dde5c922 alignfull uagb-is-root-container\">\n<div class=\"wp-block-uagb-container uagb-block-b618de5d\">\n<div class=\"wp-block-uagb-advanced-heading uagb-block-1d772575\"><h1 class=\"uagb-heading-text\">Profesjonalne us\u0142ugi IT dla ma\u0142ych firm<\/h1><\/div>\n<\/div>\n<\/div>\n\n\n\n<div class=\"wp-block-uagb-container uagb-block-09f03414 alignfull uagb-is-root-container\"><div class=\"uagb-container-inner-blocks-wrap\">\n<div class=\"wp-block-uagb-advanced-heading uagb-block-ca3de8bf\"><h2 class=\"uagb-heading-text\">Poznaj DO IT Services \u2013 Twojego partnera w konsultingu IT.<\/h2><\/div>\n\n\n\n<div class=\"wp-block-uagb-container uagb-layout-grid uagb-block-147934f6\">\n<div class=\"wp-block-uagb-image uagb-block-95318720 wp-block-uagb-image--layout-default wp-block-uagb-image--effect-static wp-block-uagb-image--align-none\"><figure class=\"wp-block-uagb-image__figure\"><img decoding=\"async\" srcset=\"https:\/\/doitservices.ovh\/wp-content\/uploads\/2025\/12\/person-using-laptop-flpc9-vocj4-3.jpeg ,https:\/\/doitservices.ovh\/wp-content\/uploads\/2025\/12\/person-using-laptop-flpc9-vocj4-3.jpeg 780w, https:\/\/doitservices.ovh\/wp-content\/uploads\/2025\/12\/person-using-laptop-flpc9-vocj4-3.jpeg 360w\" sizes=\"auto, (max-width: 480px) 150px\" src=\"https:\/\/doitservices.ovh\/wp-content\/uploads\/2025\/12\/person-using-laptop-flpc9-vocj4-3.jpeg\" alt=\"what\u2019s going on here\" class=\"uag-image-317\" width=\"600\" height=\"400\" title=\"our-story\" loading=\"lazy\" role=\"img\"\/><\/figure><\/div>\n\n\n\n<div class=\"wp-block-uagb-advanced-heading uagb-block-477b52f6\"><p class=\"uagb-heading-text\">DO IT Services pomog\u0142o wielu klientom zwi\u0119kszy\u0107 efektywno\u015b\u0107 operacyjn\u0105 i poprawi\u0107 bezpiecze\u0144stwo danych poprzez dedykowane rozwi\u0105zania oraz fachow\u0105 obs\u0142ug\u0119 techniczn\u0105.<\/p><p class=\"uagb-desc-text\">Nasza firma d\u0105\u017cy do doskona\u0142o\u015bci, oferuj\u0105c kompleksowe us\u0142ugi IT dostosowane do potrzeb ma\u0142ych przedsi\u0119biorstw.<\/p><\/div>\n<\/div>\n<\/div><\/div>\n\n\n\n<div class=\"wp-block-uagb-container uagb-layout-grid uagb-block-61c3fd7a alignfull uagb-is-root-container\"><div class=\"uagb-container-inner-blocks-wrap\">\n<div class=\"wp-block-uagb-info-box uagb-block-3a2b7719 uagb-infobox__content-wrap  uagb-infobox-icon-above-title uagb-infobox-image-valign-top\"><div class=\"uagb-ifb-content\"><div class=\"uagb-ifb-title-wrap\"><h2 class=\"uagb-ifb-title\">Nasza historia w kilku zdaniach<\/h2><\/div><p class=\"uagb-ifb-desc\">DO IT Services powsta\u0142o z pasji do technologii, szybko zdobywaj\u0105c reputacj\u0119 zaufanego doradcy IT dla ma\u0142ych firm na \u015al\u0105sku.<\/p><\/div><\/div>\n\n\n\n<div class=\"wp-block-uagb-container uagb-block-22f5934f\">\n<div class=\"wp-block-uagb-container uagb-layout-grid uagb-block-7d6c4fe6\">\n<div class=\"wp-block-uagb-counter uagb-block-6284027c wp-block-uagb-counter--number\"><div class=\"wp-block-uagb-counter__number\"><span class=\"uagb-counter-block-number\" data-duration=\"1.5\" data-to-value=\"15\" data-from-value=\"0\" data-delimiter=\",\"><\/span><span class=\"uagb-counter-block-suffix\">+<\/span><\/div><div class=\"wp-block-uagb-counter__title\">Do\u015bwiadczenie<\/div><\/div>\n\n\n\n<div class=\"wp-block-uagb-advanced-heading uagb-block-29902d4e\"><p class=\"uagb-heading-text\">Z ponad 10-letnim do\u015bwiadczeniem, DO IT Services sta\u0142o si\u0119 ekspertem w dziedzinie IT dla ma\u0142ych przedsi\u0119biorstw.<\/p><\/div>\n<\/div>\n\n\n\n<div class=\"wp-block-uagb-container uagb-layout-grid uagb-block-a2a3a809\">\n<div class=\"wp-block-uagb-counter uagb-block-47bdbd76 wp-block-uagb-counter--number\"><div class=\"wp-block-uagb-counter__number\"><span class=\"uagb-counter-block-number\" data-duration=\"1.5\" data-to-value=\"250\" data-from-value=\"0\" data-delimiter=\",\"><\/span><span class=\"uagb-counter-block-suffix\">+<\/span><\/div><div class=\"wp-block-uagb-counter__title\">Zadowoleni klienci<\/div><\/div>\n\n\n\n<div class=\"wp-block-uagb-advanced-heading uagb-block-e6ec6afe\"><p class=\"uagb-heading-text\">Nasza firma liczy 15 wyspecjalizowanych pracownik\u00f3w, kt\u00f3rzy z pasj\u0105 wspieraj\u0105 naszych klient\u00f3w.<\/p><\/div>\n<\/div>\n\n\n\n<div class=\"wp-block-uagb-container uagb-layout-grid uagb-block-488ab899\">\n<div class=\"wp-block-uagb-counter uagb-block-9cfbb71f wp-block-uagb-counter--number\"><div class=\"wp-block-uagb-counter__number\"><span class=\"uagb-counter-block-number\" data-duration=\"1.5\" data-to-value=\"100\" data-from-value=\"0\" data-delimiter=\",\"><\/span><\/div><div class=\"wp-block-uagb-counter__title\">Pracownicy<\/div><\/div>\n\n\n\n<div class=\"wp-block-uagb-advanced-heading uagb-block-ecf4b2dd\"><p class=\"uagb-heading-text\">Ka\u017cdy z naszych pracownik\u00f3w ma \u015brednio 5 lat do\u015bwiadczenia w bran\u017cy IT.<\/p><\/div>\n<\/div>\n<\/div>\n<\/div><\/div>\n\n\n\n<div class=\"wp-block-uagb-container uagb-block-17365e7d alignfull uagb-is-root-container\"><div class=\"uagb-container-inner-blocks-wrap\">\n<div class=\"wp-block-uagb-advanced-heading uagb-block-ab53c455\"><h2 class=\"uagb-heading-text\">Poznaj nasz zesp\u00f3\u0142<\/h2><p class=\"uagb-desc-text\">Nasza ekipa to do\u015bwiadczeni profesjonali\u015bci, kt\u00f3rzy s\u0105 gotowi do dzia\u0142ania dla Ciebie.<\/p><\/div>\n\n\n\n<div class=\"wp-block-uagb-container uagb-block-113b0341\">\n<div class=\"wp-block-uagb-container uagb-block-c85e9c9e\">\n<div class=\"wp-block-uagb-image aligncenter uagb-block-22c137fb wp-block-uagb-image--layout-default wp-block-uagb-image--effect-static wp-block-uagb-image--align-center\"><figure class=\"wp-block-uagb-image__figure\"><img decoding=\"async\" srcset=\"https:\/\/doitservices.ovh\/wp-content\/uploads\/2024\/05\/team-skip-01-3.jpg ,https:\/\/doitservices.ovh\/wp-content\/uploads\/2024\/05\/team-skip-01-3.jpg 780w, https:\/\/doitservices.ovh\/wp-content\/uploads\/2024\/05\/team-skip-01-3.jpg 360w\" sizes=\"auto, (max-width: 480px) 150px\" src=\"https:\/\/doitservices.ovh\/wp-content\/uploads\/2024\/05\/team-skip-01-3.jpg\" alt=\"Team Skip 01 3\" class=\"uag-image-105\" width=\"100\" height=\"100\" title=\"team-skip-01\" loading=\"lazy\" role=\"img\"><\/figure><\/div>\n\n\n\n<div class=\"wp-block-uagb-advanced-heading uagb-block-2605b57d\"><h3 class=\"uagb-heading-text\">Alexander James<\/h3><p class=\"uagb-desc-text\">Projektant<\/p><\/div>\n<\/div>\n\n\n\n<div class=\"wp-block-uagb-container uagb-block-00308c33\">\n<div class=\"wp-block-uagb-image aligncenter uagb-block-eb914272 wp-block-uagb-image--layout-default wp-block-uagb-image--effect-static wp-block-uagb-image--align-center\"><figure class=\"wp-block-uagb-image__figure\"><img decoding=\"async\" srcset=\"https:\/\/doitservices.ovh\/wp-content\/uploads\/2024\/05\/team-skip-02-3.jpg ,https:\/\/doitservices.ovh\/wp-content\/uploads\/2024\/05\/team-skip-02-3.jpg 780w, https:\/\/doitservices.ovh\/wp-content\/uploads\/2024\/05\/team-skip-02-3.jpg 360w\" sizes=\"auto, (max-width: 480px) 150px\" src=\"https:\/\/doitservices.ovh\/wp-content\/uploads\/2024\/05\/team-skip-02-3.jpg\" alt=\"Team Skip 02 3\" class=\"uag-image-106\" width=\"100\" height=\"100\" title=\"team-skip-02\" loading=\"lazy\" role=\"img\"><\/figure><\/div>\n\n\n\n<div class=\"wp-block-uagb-advanced-heading uagb-block-165e5b12\"><h3 class=\"uagb-heading-text\">Franklin Anthony<\/h3><p class=\"uagb-desc-text\">Tancerz<\/p><\/div>\n<\/div>\n\n\n\n<div class=\"wp-block-uagb-container uagb-block-538a48d1\">\n<div class=\"wp-block-uagb-image aligncenter uagb-block-35960dc2 wp-block-uagb-image--layout-default wp-block-uagb-image--effect-static wp-block-uagb-image--align-center\"><figure class=\"wp-block-uagb-image__figure\"><img decoding=\"async\" srcset=\"https:\/\/doitservices.ovh\/wp-content\/uploads\/2024\/05\/team-skip-03-3.jpg ,https:\/\/doitservices.ovh\/wp-content\/uploads\/2024\/05\/team-skip-03-3.jpg 780w, https:\/\/doitservices.ovh\/wp-content\/uploads\/2024\/05\/team-skip-03-3.jpg 360w\" sizes=\"auto, (max-width: 480px) 150px\" src=\"https:\/\/doitservices.ovh\/wp-content\/uploads\/2024\/05\/team-skip-03-3.jpg\" alt=\"Team Skip 03 3\" class=\"uag-image-107\" width=\"100\" height=\"100\" title=\"team-skip-03\" loading=\"lazy\" role=\"img\"><\/figure><\/div>\n\n\n\n<div class=\"wp-block-uagb-advanced-heading uagb-block-7d9b0bd1\"><h3 class=\"uagb-heading-text\">Benjamin Michael<\/h3><p class=\"uagb-desc-text\">Administrator biznesu<\/p><\/div>\n<\/div>\n\n\n\n<div class=\"wp-block-uagb-container uagb-block-ae74e417\">\n<div class=\"wp-block-uagb-image aligncenter uagb-block-1396f339 wp-block-uagb-image--layout-default wp-block-uagb-image--effect-static wp-block-uagb-image--align-center\"><figure class=\"wp-block-uagb-image__figure\"><img decoding=\"async\" srcset=\"https:\/\/doitservices.ovh\/wp-content\/uploads\/2024\/05\/team-skip-04-3.jpg ,https:\/\/doitservices.ovh\/wp-content\/uploads\/2024\/05\/team-skip-04-3.jpg 780w, https:\/\/doitservices.ovh\/wp-content\/uploads\/2024\/05\/team-skip-04-3.jpg 360w\" sizes=\"auto, (max-width: 480px) 150px\" src=\"https:\/\/doitservices.ovh\/wp-content\/uploads\/2024\/05\/team-skip-04-3.jpg\" alt=\"Team Skip 04 3\" class=\"uag-image-108\" width=\"100\" height=\"100\" title=\"team-skip-04\" loading=\"lazy\" role=\"img\"><\/figure><\/div>\n\n\n\n<div class=\"wp-block-uagb-advanced-heading uagb-block-a3ee4980\"><h3 class=\"uagb-heading-text\">Ethan Patrick<\/h3><p class=\"uagb-desc-text\">Malarz<\/p><\/div>\n<\/div>\n<\/div>\n<\/div><\/div>\n\n\n\n<div class=\"wp-block-uagb-container uagb-block-d7b60fd6 alignfull uagb-is-root-container\"><div class=\"uagb-container-inner-blocks-wrap\">\n<div class=\"wp-block-uagb-info-box uagb-block-6fdc34d4 uagb-infobox__content-wrap  uagb-infobox-icon-above-title uagb-infobox-image-valign-top\"><div class=\"uagb-ifb-content\"><div class=\"uagb-ifb-title-wrap\"><h2 class=\"uagb-ifb-title\">Skontaktuj si\u0119 z nami ju\u017c dzi\u015b!<\/h2><\/div><p class=\"uagb-ifb-desc\">DO IT Services to zesp\u00f3\u0142 ekspert\u00f3w gotowych do pomocy w zakresie IT, kt\u00f3ry wspiera ma\u0142e firmy w rozwoju i bezpiecze\u0144stwie danych.<\/p><div class=\"uagb-ifb-button-wrapper wp-block-button\"><a href=\"index.php\/contact\/\" class=\"uagb-infobox-cta-link wp-block-button__link\" target=\"_self\" rel=\"noopener noreferrer\" onclick=\"return true;\"><span class=\"uagb-inline-editing\">Skontaktuj si\u0119 z nami<\/span><\/a><\/div><\/div><\/div>\n<\/div><\/div>\n","protected":false},"excerpt":{"rendered":"<p>Profesjonalne us\u0142ugi IT dla ma\u0142ych firm Poznaj DO IT Services \u2013 Twojego partnera w konsultingu IT. DO IT Services pomog\u0142o [&hellip;]<\/p>\n","protected":false},"author":2,"featured_media":0,"parent":0,"menu_order":0,"comment_status":"closed","ping_status":"closed","template":"","meta":{"_uag_custom_page_level_css":"","site-sidebar-layout":"default","site-content-layout":"","ast-site-content-layout":"default","site-content-style":"default","site-sidebar-style":"default","ast-global-header-display":"","ast-banner-title-visibility":"","ast-main-header-display":"","ast-hfb-above-header-display":"","ast-hfb-below-header-display":"","ast-hfb-mobile-header-display":"","site-post-title":"disabled","ast-breadcrumbs-content":"","ast-featured-img":"","footer-sml-layout":"","ast-disable-related-posts":"","theme-transparent-header-meta":"","adv-header-id-meta":"","stick-header-meta":"","header-above-stick-meta":"","header-main-stick-meta":"","header-below-stick-meta":"","astra-migrate-meta-layouts":"default","ast-page-background-enabled":"default","ast-page-background-meta":{"desktop":{"background-color":"var(--ast-global-color-5)","background-image":"","background-repeat":"repeat","background-position":"center center","background-size":"auto","background-attachment":"scroll","background-type":"","background-media":"","overlay-type":"","overlay-color":"","overlay-opacity":"","overlay-gradient":""},"tablet":{"background-color":"","background-image":"","background-repeat":"repeat","background-position":"center center","background-size":"auto","background-attachment":"scroll","background-type":"","background-media":"","overlay-type":"","overlay-color":"","overlay-opacity":"","overlay-gradient":""},"mobile":{"background-color":"","background-image":"","background-repeat":"repeat","background-position":"center center","background-size":"auto","background-attachment":"scroll","background-type":"","background-media":"","overlay-type":"","overlay-color":"","overlay-opacity":"","overlay-gradient":""}},"ast-content-background-meta":{"desktop":{"background-color":"var(--ast-global-color-4)","background-image":"","background-repeat":"repeat","background-position":"center center","background-size":"auto","background-attachment":"scroll","background-type":"","background-media":"","overlay-type":"","overlay-color":"","overlay-opacity":"","overlay-gradient":""},"tablet":{"background-color":"var(--ast-global-color-4)","background-image":"","background-repeat":"repeat","background-position":"center center","background-size":"auto","background-attachment":"scroll","background-type":"","background-media":"","overlay-type":"","overlay-color":"","overlay-opacity":"","overlay-gradient":""},"mobile":{"background-color":"var(--ast-global-color-4)","background-image":"","background-repeat":"repeat","background-position":"center center","background-size":"auto","background-attachment":"scroll","background-type":"","background-media":"","overlay-type":"","overlay-color":"","overlay-opacity":"","overlay-gradient":""}},"footnotes":""},"class_list":["post-24","page","type-page","status-publish","hentry"],"uagb_featured_image_src":{"full":false,"thumbnail":false,"medium":false,"medium_large":false,"large":false,"1536x1536":false,"2048x2048":false},"uagb_author_info":{"display_name":"Administrator","author_link":"https:\/\/doitservices.ovh\/index.php\/author\/administrator\/"},"uagb_comment_info":0,"uagb_excerpt":"Profesjonalne us\u0142ugi IT dla ma\u0142ych firm Poznaj DO IT Services \u2013 Twojego partnera w konsultingu IT. DO IT Services pomog\u0142o [&hellip;]","_links":{"self":[{"href":"https:\/\/doitservices.ovh\/index.php\/wp-json\/wp\/v2\/pages\/24","targetHints":{"allow":["GET"]}}],"collection":[{"href":"https:\/\/doitservices.ovh\/index.php\/wp-json\/wp\/v2\/pages"}],"about":[{"href":"https:\/\/doitservices.ovh\/index.php\/wp-json\/wp\/v2\/types\/page"}],"author":[{"embeddable":true,"href":"https:\/\/doitservices.ovh\/index.php\/wp-json\/wp\/v2\/users\/2"}],"replies":[{"embeddable":true,"href":"https:\/\/doitservices.ovh\/index.php\/wp-json\/wp\/v2\/comments?post=24"}],"version-history":[{"count":0,"href":"https:\/\/doitservices.ovh\/index.php\/wp-json\/wp\/v2\/pages\/24\/revisions"}],"wp:attachment":[{"href":"https:\/\/doitservices.ovh\/index.php\/wp-json\/wp\/v2\/media?parent=24"}],"curies":[{"name":"wp","href":"https:\/\/api.w.org\/{rel}","templated":true}]}}