{"id":23,"date":"2025-12-29T12:45:43","date_gmt":"2025-12-29T12:45:43","guid":{"rendered":"https:\/\/giving-graves-h6vga.zipwp.xyz\/?page_id=23"},"modified":"2025-12-29T16:24:00","modified_gmt":"2025-12-29T16:24:00","slug":"home-2","status":"publish","type":"page","link":"https:\/\/doitservices.ovh\/","title":{"rendered":"Strona g\u0142\u00f3wna"},"content":{"rendered":"\n<div class=\"wp-block-uagb-container uagb-block-dde5c922 alignfull uagb-is-root-container\">\n<div class=\"wp-block-uagb-container uagb-block-b618de5d\">\n<div class=\"wp-block-uagb-info-box uagb-block-1cd420f7 uagb-infobox__content-wrap  uagb-infobox-icon-above-title uagb-infobox-image-valign-top\"><div class=\"uagb-ifb-content\"><div class=\"uagb-ifb-title-wrap\"><h1 class=\"uagb-ifb-title\">Profesjonalne Us\u0142ugi IT dla Firm<\/h1><\/div><p class=\"uagb-ifb-desc\">Skorzystaj z naszego do\u015bwiadczenia w konsultingu IT, aby w pe\u0142ni wykorzysta\u0107 potencja\u0142 swojego biznesu.<\/p><div class=\"uagb-ifb-button-wrapper wp-block-button\"><a href=\"index.php\/contact\/\" class=\"uagb-infobox-cta-link wp-block-button__link\" target=\"_self\" rel=\"noopener noreferrer\" onclick=\"return true;\"><span class=\"uagb-inline-editing\">Skontaktuj si\u0119 z nami<\/span><\/a><\/div><\/div><\/div>\n<\/div>\n<\/div>\n\n\n\n<div class=\"wp-block-uagb-container uagb-block-4b0b8f05 alignfull uagb-is-root-container\"><div class=\"uagb-container-inner-blocks-wrap\">\n<div class=\"wp-block-uagb-advanced-heading uagb-block-ab53c455\"><h2 class=\"uagb-heading-text\">Poznaj nasz\u0105 histori\u0119 i misj\u0119 firmy DO IT Services<\/h2><p class=\"uagb-desc-text\">Zajmujemy si\u0119 popraw\u0105 efektywno\u015bci technologicznej ma\u0142ych firm na \u015bl\u0105sku, oferuj\u0105c dopasowane us\u0142ugi IT i wsparcie dla klient\u00f3w indywidualnych.<\/p><\/div>\n\n\n\n<div class=\"wp-block-uagb-container uagb-layout-flex uagb-block-9286c5ad\">\n<div class=\"wp-block-uagb-container uagb-layout-flex uagb-block-87eea3b5\">\n<div class=\"wp-block-uagb-image alignleft uagb-block-fdb7a1ed wp-block-uagb-image--layout-default wp-block-uagb-image--effect-static wp-block-uagb-image--align-left\"><figure class=\"wp-block-uagb-image__figure\"><img decoding=\"async\" srcset=\"https:\/\/doitservices.ovh\/wp-content\/uploads\/2025\/12\/two-women-looking-at-the-code-at-laptop-1181263-3.jpeg ,https:\/\/doitservices.ovh\/wp-content\/uploads\/2025\/12\/two-women-looking-at-the-code-at-laptop-1181263-3.jpeg 780w, https:\/\/doitservices.ovh\/wp-content\/uploads\/2025\/12\/two-women-looking-at-the-code-at-laptop-1181263-3.jpeg 360w\" sizes=\"auto, (max-width: 480px) 150px\" src=\"https:\/\/doitservices.ovh\/wp-content\/uploads\/2025\/12\/two-women-looking-at-the-code-at-laptop-1181263-3.jpeg\" alt=\"Two women working together on software programming indoors, focusing on code.\" class=\"uag-image-320\" width=\"600\" height=\"300\" title=\"Services-01\" loading=\"lazy\" role=\"img\"\/><\/figure><\/div>\n\n\n\n<div class=\"wp-block-uagb-container uagb-layout-grid uagb-block-59295ad8\">\n<div class=\"wp-block-uagb-image alignleft uagb-block-1d740a84 wp-block-uagb-image--layout-default wp-block-uagb-image--effect-static wp-block-uagb-image--align-left\"><figure class=\"wp-block-uagb-image__figure\"><img decoding=\"async\" srcset=\"https:\/\/doitservices.ovh\/wp-content\/uploads\/2025\/12\/person-holding-white-and-blue-box-5716001-3.jpeg ,https:\/\/doitservices.ovh\/wp-content\/uploads\/2025\/12\/person-holding-white-and-blue-box-5716001-3.jpeg 780w, https:\/\/doitservices.ovh\/wp-content\/uploads\/2025\/12\/person-holding-white-and-blue-box-5716001-3.jpeg 360w\" sizes=\"auto, (max-width: 480px) 150px\" src=\"https:\/\/doitservices.ovh\/wp-content\/uploads\/2025\/12\/person-holding-white-and-blue-box-5716001-3.jpeg\" alt=\"Business professionals discussing data charts and graphs in a modern office setting.\" class=\"uag-image-318\" width=\"295\" height=\"190\" title=\"Services-02\" loading=\"lazy\" role=\"img\"\/><\/figure><\/div>\n\n\n\n<div class=\"wp-block-uagb-image alignright uagb-block-208e11b1 wp-block-uagb-image--layout-default wp-block-uagb-image--effect-static wp-block-uagb-image--align-right\"><figure class=\"wp-block-uagb-image__figure\"><img decoding=\"async\" srcset=\"https:\/\/doitservices.ovh\/wp-content\/uploads\/2025\/12\/a-golden-balance-scale-beside-a-laptop-6077797-3.jpeg ,https:\/\/doitservices.ovh\/wp-content\/uploads\/2025\/12\/a-golden-balance-scale-beside-a-laptop-6077797-3.jpeg 780w, https:\/\/doitservices.ovh\/wp-content\/uploads\/2025\/12\/a-golden-balance-scale-beside-a-laptop-6077797-3.jpeg 360w\" sizes=\"auto, (max-width: 480px) 150px\" src=\"https:\/\/doitservices.ovh\/wp-content\/uploads\/2025\/12\/a-golden-balance-scale-beside-a-laptop-6077797-3.jpeg\" alt=\"Golden justice scales on a desk beside a laptop, symbolizing law and balance.\" class=\"uag-image-321\" width=\"295\" height=\"190\" title=\"Services-03\" loading=\"lazy\" role=\"img\"\/><\/figure><\/div>\n<\/div>\n<\/div>\n\n\n\n<div class=\"wp-block-uagb-container uagb-block-b6ad80b7\">\n<div class=\"wp-block-uagb-info-box uagb-block-db3dcad8 uagb-infobox__content-wrap  uagb-infobox-icon-above-title uagb-infobox-image-valign-top\"><div class=\"uagb-ifb-content\"><div class=\"uagb-ifb-title-wrap\"><h3 class=\"uagb-ifb-title-prefix\">Nasza historia i podej\u015bcie<\/h3><p class=\"uagb-ifb-title\">DO IT Services powsta\u0142o z pasji do technologii i ch\u0119ci wsparcia ma\u0142ych przedsi\u0119biorstw w \u015bwiecie IT.<\/p><\/div><p class=\"uagb-ifb-desc\">Nasza firma \u0142\u0105czy wiedz\u0119 z do\u015bwiadczeniem, zapewniaj\u0105c najlepsze rozwi\u0105zania IT dla klient\u00f3w.<\/p><div class=\"uagb-ifb-button-wrapper wp-block-button\"><a href=\"about\/\" class=\"uagb-infobox-cta-link wp-block-button__link\" target=\"_self\" rel=\"noopener noreferrer\" onclick=\"return true;\"><span class=\"uagb-inline-editing\">Czytaj wi\u0119cej<\/span><\/a><\/div><\/div><\/div>\n<\/div>\n<\/div>\n<\/div><\/div>\n\n\n\n<div class=\"wp-block-uagb-container uagb-block-c3d6e73b alignfull uagb-is-root-container\"><div class=\"uagb-container-inner-blocks-wrap\">\n<div class=\"wp-block-uagb-advanced-heading uagb-block-8510406d\"><p class=\"uagb-desc-text\">Nasze us\u0142ugi<\/p><h2 class=\"uagb-heading-text\">Konsulting IT i wynajem sprz\u0119tu<\/h2><\/div>\n\n\n\n<div class=\"wp-block-uagb-container uagb-block-2633a9e1\">\n<div class=\"wp-block-uagb-container uagb-layout-grid uagb-block-31528e8d\">\n<div class=\"wp-block-uagb-info-box uagb-block-7cbf821f uagb-infobox__content-wrap  uagb-infobox-icon-above-title uagb-infobox-image-valign-top\"><div class=\"uagb-ifb-content\"><div class=\"uagb-ifb-title-wrap\"><h3 class=\"uagb-ifb-title\">Doradztwo IT<\/h3><\/div><p class=\"uagb-ifb-desc\">Pomoc w wyborze sprz\u0119tu i oprogramowania IT.<\/p><div class=\"uagb-ifb-button-wrapper wp-block-button\"><a href=\"services\/\" target=\"_self\" onclick=\"return true;\" class=\"uagb-infobox-cta-link\" rel=\"noopener noreferrer\"><span class=\"uagb-inline-editing\">Dowiedz si\u0119 wi\u0119cej<\/span><svg xmlns=\"https:\/\/www.w3.org\/2000\/svg\" viewBox=\"0 0 320 512\"><path d=\"M96 480c-8.188 0-16.38-3.125-22.62-9.375c-12.5-12.5-12.5-32.75 0-45.25L242.8 256L73.38 86.63c-12.5-12.5-12.5-32.75 0-45.25s32.75-12.5 45.25 0l192 192c12.5 12.5 12.5 32.75 0 45.25l-192 192C112.4 476.9 104.2 480 96 480z\"><\/path><\/svg><\/a><\/div><\/div><\/div>\n\n\n\n<div class=\"wp-block-uagb-image uagb-block-e6a87125 wp-block-uagb-image--layout-default wp-block-uagb-image--effect-static wp-block-uagb-image--align-none\"><figure class=\"wp-block-uagb-image__figure\"><img decoding=\"async\" srcset=\"https:\/\/doitservices.ovh\/wp-content\/uploads\/2025\/12\/person-using-laptop-on-white-wooden-table-iusj25iyu1c-3.jpeg ,https:\/\/doitservices.ovh\/wp-content\/uploads\/2025\/12\/person-using-laptop-on-white-wooden-table-iusj25iyu1c-3.jpeg 780w, https:\/\/doitservices.ovh\/wp-content\/uploads\/2025\/12\/person-using-laptop-on-white-wooden-table-iusj25iyu1c-3.jpeg 360w\" sizes=\"auto, (max-width: 480px) 150px\" src=\"https:\/\/doitservices.ovh\/wp-content\/uploads\/2025\/12\/person-using-laptop-on-white-wooden-table-iusj25iyu1c-3.jpeg\" alt=\"Business Top Shot - www.chromaluts.shop\" class=\"uag-image-319\" width=\"360\" height=\"280\" title=\"creative\" loading=\"lazy\" role=\"img\"\/><\/figure><\/div>\n<\/div>\n\n\n\n<div class=\"wp-block-uagb-container uagb-layout-grid uagb-block-ca764249\">\n<div class=\"wp-block-uagb-container uagb-layout-grid uagb-block-2fec6e29\">\n<div class=\"wp-block-uagb-info-box uagb-block-1a37e3d1 uagb-infobox__content-wrap  uagb-infobox-icon-above-title uagb-infobox-image-valign-top\"><div class=\"uagb-ifb-content\"><div class=\"uagb-ifb-title-wrap\"><h3 class=\"uagb-ifb-title\">Obs\u0142uga techniczna stron<\/h3><\/div><p class=\"uagb-ifb-desc\">Profesjonalna pomoc w utrzymaniu i zarz\u0105dzaniu stronami internetowymi.<\/p><div class=\"uagb-ifb-button-wrapper wp-block-button\"><a href=\"services\/\" target=\"_self\" onclick=\"return true;\" class=\"uagb-infobox-cta-link\" rel=\"noopener noreferrer\"><span class=\"uagb-inline-editing\">Dowiedz si\u0119 wi\u0119cej<\/span><svg xmlns=\"https:\/\/www.w3.org\/2000\/svg\" viewBox=\"0 0 320 512\"><path d=\"M96 480c-8.188 0-16.38-3.125-22.62-9.375c-12.5-12.5-12.5-32.75 0-45.25L242.8 256L73.38 86.63c-12.5-12.5-12.5-32.75 0-45.25s32.75-12.5 45.25 0l192 192c12.5 12.5 12.5 32.75 0 45.25l-192 192C112.4 476.9 104.2 480 96 480z\"><\/path><\/svg><\/a><\/div><\/div><\/div>\n\n\n\n<div class=\"wp-block-uagb-image uagb-block-79527b34 wp-block-uagb-image--layout-default wp-block-uagb-image--effect-static wp-block-uagb-image--align-none\"><figure class=\"wp-block-uagb-image__figure\"><img decoding=\"async\" srcset=\"https:\/\/doitservices.ovh\/wp-content\/uploads\/2025\/12\/person-using-laptop-flpc9-vocj4-3.jpeg ,https:\/\/doitservices.ovh\/wp-content\/uploads\/2025\/12\/person-using-laptop-flpc9-vocj4-3.jpeg 780w, https:\/\/doitservices.ovh\/wp-content\/uploads\/2025\/12\/person-using-laptop-flpc9-vocj4-3.jpeg 360w\" sizes=\"auto, (max-width: 480px) 150px\" src=\"https:\/\/doitservices.ovh\/wp-content\/uploads\/2025\/12\/person-using-laptop-flpc9-vocj4-3.jpeg\" alt=\"what\u2019s going on here\" class=\"uag-image-317\" width=\"550\" height=\"250\" title=\"digital\" loading=\"lazy\" role=\"img\"\/><\/figure><\/div>\n<\/div>\n\n\n\n<div class=\"wp-block-uagb-container uagb-block-9b5bbfc7\">\n<div class=\"wp-block-uagb-info-box uagb-block-87281e37 uagb-infobox__content-wrap  uagb-infobox-icon-above-title uagb-infobox-image-valign-top\"><div class=\"uagb-ifb-content\"><div class=\"uagb-ifb-title-wrap\"><h3 class=\"uagb-ifb-title\">Wynajem sprz\u0119tu IT<\/h3><\/div><p class=\"uagb-ifb-desc\">Elastyczne opcje wynajmu sprz\u0119tu komputerowego.<\/p><div class=\"uagb-ifb-button-wrapper wp-block-button\"><a href=\"services\/\" target=\"_self\" onclick=\"return true;\" class=\"uagb-infobox-cta-link\" rel=\"noopener noreferrer\"><span class=\"uagb-inline-editing\">Dowiedz si\u0119 wi\u0119cej<\/span><svg xmlns=\"https:\/\/www.w3.org\/2000\/svg\" viewBox=\"0 0 320 512\"><path d=\"M96 480c-8.188 0-16.38-3.125-22.62-9.375c-12.5-12.5-12.5-32.75 0-45.25L242.8 256L73.38 86.63c-12.5-12.5-12.5-32.75 0-45.25s32.75-12.5 45.25 0l192 192c12.5 12.5 12.5 32.75 0 45.25l-192 192C112.4 476.9 104.2 480 96 480z\"><\/path><\/svg><\/a><\/div><\/div><\/div>\n<\/div>\n\n\n\n<div class=\"wp-block-uagb-container uagb-block-d0d012ce\">\n<div class=\"wp-block-uagb-info-box uagb-block-6dacb125 uagb-infobox__content-wrap  uagb-infobox-icon-above-title uagb-infobox-image-valign-top\"><div class=\"uagb-ifb-content\"><div class=\"uagb-ifb-title-wrap\"><h3 class=\"uagb-ifb-title\">Bezpiecze\u0144stwo danych<\/h3><\/div><p class=\"uagb-ifb-desc\">Zapewnienie ochrony danych zgodnie z najlepszymi praktykami.<\/p><div class=\"uagb-ifb-button-wrapper wp-block-button\"><a href=\"services\/\" target=\"_self\" onclick=\"return true;\" class=\"uagb-infobox-cta-link\" rel=\"noopener noreferrer\"><span class=\"uagb-inline-editing\">Dowiedz si\u0119 wi\u0119cej<\/span><svg xmlns=\"https:\/\/www.w3.org\/2000\/svg\" viewBox=\"0 0 320 512\"><path d=\"M96 480c-8.188 0-16.38-3.125-22.62-9.375c-12.5-12.5-12.5-32.75 0-45.25L242.8 256L73.38 86.63c-12.5-12.5-12.5-32.75 0-45.25s32.75-12.5 45.25 0l192 192c12.5 12.5 12.5 32.75 0 45.25l-192 192C112.4 476.9 104.2 480 96 480z\"><\/path><\/svg><\/a><\/div><\/div><\/div>\n<\/div>\n<\/div>\n<\/div>\n<\/div><\/div>\n\n\n\n<div class=\"wp-block-uagb-container uagb-block-805fe7a2 alignfull uagb-is-root-container\"><div class=\"uagb-container-inner-blocks-wrap\">\n<div class=\"wp-block-uagb-container uagb-block-ba1f86ad\">\n<div class=\"wp-block-uagb-info-box uagb-block-4142398f uagb-infobox__content-wrap  uagb-infobox-icon-above-title uagb-infobox-image-valign-top\"><div class=\"uagb-ifb-content\"><div class=\"uagb-ifb-title-wrap\"><h2 class=\"uagb-ifb-title\">Zainwestuj w przysz\u0142o\u015b\u0107 swojej firmy<\/h2><\/div><p class=\"uagb-ifb-desc\">Skontaktuj si\u0119 z nami, aby uzyska\u0107 eksperck\u0105 pomoc w zakresie IT i poprawi\u0107 bezpiecze\u0144stwo danych.<\/p><div class=\"uagb-ifb-button-wrapper wp-block-button\"><a href=\"contact\/\" class=\"uagb-infobox-cta-link wp-block-button__link\" target=\"_self\" rel=\"noopener noreferrer\" onclick=\"return true;\"><span class=\"uagb-inline-editing\">Skontaktuj si\u0119 z nami<\/span><\/a><\/div><\/div><\/div>\n<\/div>\n<\/div><\/div>\n\n\n\n<div class=\"wp-block-uagb-container uagb-block-f1cf99cc alignfull uagb-is-root-container\"><div class=\"uagb-container-inner-blocks-wrap\">\n<div class=\"wp-block-uagb-container uagb-layout-grid uagb-block-832eed1e\">\n<div class=\"wp-block-uagb-advanced-heading uagb-block-9a3b9b8f\"><p class=\"uagb-desc-text\">Nasze atuty<\/p><h2 class=\"uagb-heading-text\">Dlaczego warto nas wybra\u0107<\/h2><\/div>\n\n\n\n<div class=\"wp-block-uagb-image uagb-block-9a6b7734 wp-block-uagb-image--layout-default wp-block-uagb-image--effect-static wp-block-uagb-image--align-none\"><figure class=\"wp-block-uagb-image__figure\"><img decoding=\"async\" srcset=\"https:\/\/doitservices.ovh\/wp-content\/uploads\/2025\/12\/person-holding-white-and-blue-box-5716001-3.jpeg ,https:\/\/doitservices.ovh\/wp-content\/uploads\/2025\/12\/person-holding-white-and-blue-box-5716001-3.jpeg 780w, https:\/\/doitservices.ovh\/wp-content\/uploads\/2025\/12\/person-holding-white-and-blue-box-5716001-3.jpeg 360w\" sizes=\"auto, (max-width: 480px) 150px\" src=\"https:\/\/doitservices.ovh\/wp-content\/uploads\/2025\/12\/person-holding-white-and-blue-box-5716001-3.jpeg\" alt=\"Business professionals discussing data charts and graphs in a modern office setting.\" class=\"uag-image-318\" width=\"600\" height=\"300\" title=\"why-choose-us\" loading=\"lazy\" role=\"img\"\/><\/figure><\/div>\n<\/div>\n\n\n\n<div class=\"wp-block-uagb-container uagb-block-a237c42a\">\n<div class=\"wp-block-uagb-advanced-heading uagb-block-98d61022\"><h3 class=\"uagb-heading-text\">Indywidualne podej\u015bcie<\/h3><p class=\"uagb-desc-text\">Oferujemy spersonalizowane us\u0142ugi, kt\u00f3re odpowiadaj\u0105 unikalnym potrzebom Twojej firmy.<\/p><\/div>\n\n\n\n<div class=\"wp-block-uagb-advanced-heading uagb-block-c99015bc\"><h3 class=\"uagb-heading-text\">Ekspert w bran\u017cy<\/h3><p class=\"uagb-desc-text\">Nasza wiedza na temat najnowszych technologii gwarantuje, \u017ce zawsze otrzymujesz najlepsze rozwi\u0105zania.<\/p><\/div>\n\n\n\n<div class=\"wp-block-uagb-advanced-heading uagb-block-a5041842\"><h3 class=\"uagb-heading-text\">Wsparcie techniczne 24\/7<\/h3><p class=\"uagb-desc-text\">Zawsze jeste\u015bmy dost\u0119pni, aby zapewni\u0107 Ci wsparcie w krytycznych momentach.<\/p><\/div>\n<\/div>\n<\/div><\/div>\n\n\n\n<div class=\"wp-block-uagb-container uagb-block-cea51ada alignfull uagb-is-root-container\"><div class=\"uagb-container-inner-blocks-wrap\">\n<div class=\"wp-block-uagb-advanced-heading uagb-block-1a493abe\"><h2 class=\"uagb-heading-text\">Opinie naszych zadowolonych klient\u00f3w<\/h2><\/div>\n\n\n\n<div class=\"wp-block-uagb-container uagb-layout-grid uagb-block-02b69ad8\">\n<div class=\"wp-block-uagb-container uagb-block-54854b35\">\n<div class=\"wp-block-uagb-image aligncenter uagb-block-64864f58 wp-block-uagb-image--layout-default wp-block-uagb-image--effect-static wp-block-uagb-image--align-center\"><figure class=\"wp-block-uagb-image__figure\"><img decoding=\"async\" srcset=\"https:\/\/doitservices.ovh\/wp-content\/uploads\/2024\/05\/testimonial-skip-01-3.jpg ,https:\/\/doitservices.ovh\/wp-content\/uploads\/2024\/05\/testimonial-skip-01-3.jpg 780w, https:\/\/doitservices.ovh\/wp-content\/uploads\/2024\/05\/testimonial-skip-01-3.jpg 360w\" sizes=\"auto, (max-width: 480px) 150px\" src=\"https:\/\/doitservices.ovh\/wp-content\/uploads\/2024\/05\/testimonial-skip-01-3.jpg\" alt=\"Testimonial Skip 01 3\" class=\"uag-image-77\" width=\"90\" height=\"90\" title=\"testimonial-skip-01\" loading=\"lazy\" role=\"img\"><\/figure><\/div>\n\n\n\n<div class=\"wp-block-uagb-info-box uagb-block-6b866f05 uagb-infobox__content-wrap  uagb-infobox-icon-above-title uagb-infobox-image-valign-top wp-block-uagb-info-box--has-margin\"><div class=\"uagb-infobox-margin-wrapper\"><div class=\"uagb-ifb-content\"><div class=\"uagb-ifb-title-wrap\"><h3 class=\"uagb-ifb-title-prefix\">Jan Kowalski<\/h3><p class=\"uagb-ifb-title\">Za\u0142o\u017cyciel<\/p><\/div><p class=\"uagb-ifb-desc\">Dzi\u0119ki DO IT Services nasze procesy IT sta\u0142y si\u0119 znacznie wydajniejsze.<\/p><\/div><\/div><\/div>\n<\/div>\n\n\n\n<div class=\"wp-block-uagb-container uagb-block-638f5ed0\">\n<div class=\"wp-block-uagb-image aligncenter uagb-block-d16fb445 wp-block-uagb-image--layout-default wp-block-uagb-image--effect-static wp-block-uagb-image--align-center\"><figure class=\"wp-block-uagb-image__figure\"><img decoding=\"async\" srcset=\"https:\/\/doitservices.ovh\/wp-content\/uploads\/2024\/05\/testimonial-skip-02-3.jpg ,https:\/\/doitservices.ovh\/wp-content\/uploads\/2024\/05\/testimonial-skip-02-3.jpg 780w, https:\/\/doitservices.ovh\/wp-content\/uploads\/2024\/05\/testimonial-skip-02-3.jpg 360w\" sizes=\"auto, (max-width: 480px) 150px\" src=\"https:\/\/doitservices.ovh\/wp-content\/uploads\/2024\/05\/testimonial-skip-02-3.jpg\" alt=\"Testimonial Skip 02 3\" class=\"uag-image-156\" width=\"90\" height=\"90\" title=\"testimonial-skip-02\" loading=\"lazy\" role=\"img\"><\/figure><\/div>\n\n\n\n<div class=\"wp-block-uagb-info-box uagb-block-2e2d5879 uagb-infobox__content-wrap  uagb-infobox-icon-above-title uagb-infobox-image-valign-top wp-block-uagb-info-box--has-margin\"><div class=\"uagb-infobox-margin-wrapper\"><div class=\"uagb-ifb-content\"><div class=\"uagb-ifb-title-wrap\"><h3 class=\"uagb-ifb-title-prefix\">Anna Nowak<\/h3><p class=\"uagb-ifb-title\">Za\u0142o\u017cyciel<\/p><\/div><p class=\"uagb-ifb-desc\">Profesjonali\u015bci z DO IT Services pomogli mi wybra\u0107 idealne rozwi\u0105zanie dla mojej firmy.<\/p><\/div><\/div><\/div>\n<\/div>\n\n\n\n<div class=\"wp-block-uagb-container uagb-block-a738669e\">\n<div class=\"wp-block-uagb-image aligncenter uagb-block-29e02b17 wp-block-uagb-image--layout-default wp-block-uagb-image--effect-static wp-block-uagb-image--align-center\"><figure class=\"wp-block-uagb-image__figure\"><img decoding=\"async\" srcset=\"https:\/\/doitservices.ovh\/wp-content\/uploads\/2024\/05\/testimonial-skip-03-3.jpg ,https:\/\/doitservices.ovh\/wp-content\/uploads\/2024\/05\/testimonial-skip-03-3.jpg 780w, https:\/\/doitservices.ovh\/wp-content\/uploads\/2024\/05\/testimonial-skip-03-3.jpg 360w\" sizes=\"auto, (max-width: 480px) 150px\" src=\"https:\/\/doitservices.ovh\/wp-content\/uploads\/2024\/05\/testimonial-skip-03-3.jpg\" alt=\"Testimonial Skip 03 3\" class=\"uag-image-157\" width=\"90\" height=\"90\" title=\"testimonial-skip-03\" loading=\"lazy\" role=\"img\"><\/figure><\/div>\n\n\n\n<div class=\"wp-block-uagb-info-box uagb-block-3c37aa7f uagb-infobox__content-wrap  uagb-infobox-icon-above-title uagb-infobox-image-valign-top wp-block-uagb-info-box--has-margin\"><div class=\"uagb-infobox-margin-wrapper\"><div class=\"uagb-ifb-content\"><div class=\"uagb-ifb-title-wrap\"><h3 class=\"uagb-ifb-title-prefix\">Piotr Wi\u015bniewski<\/h3><p class=\"uagb-ifb-title\">Za\u0142o\u017cyciel<\/p><\/div><p class=\"uagb-ifb-desc\">Idealne wsparcie w ka\u017cdej sytuacji, polecam ka\u017cdemu wsp\u00f3\u0142prac\u0119 z nimi.<\/p><\/div><\/div><\/div>\n<\/div>\n<\/div>\n<\/div><\/div>\n\n\n\n<div class=\"wp-block-uagb-container uagb-block-d7b60fd6 alignfull uagb-is-root-container\"><div class=\"uagb-container-inner-blocks-wrap\">\n<div class=\"wp-block-uagb-info-box uagb-block-6fdc34d4 uagb-infobox__content-wrap  uagb-infobox-icon-above-title uagb-infobox-image-valign-top\"><div class=\"uagb-ifb-content\"><div class=\"uagb-ifb-title-wrap\"><h2 class=\"uagb-ifb-title\">Skontaktuj si\u0119 z nami ju\u017c dzi\u015b!<\/h2><\/div><p class=\"uagb-ifb-desc\">DO IT Services to zesp\u00f3\u0142 ekspert\u00f3w gotowych do pomocy w zakresie IT, kt\u00f3ry wspiera ma\u0142e firmy w rozwoju i bezpiecze\u0144stwie danych.<\/p><div class=\"uagb-ifb-button-wrapper wp-block-button\"><a href=\"index.php\/contact\/\" class=\"uagb-infobox-cta-link wp-block-button__link\" target=\"_self\" rel=\"noopener noreferrer\" onclick=\"return true;\"><span class=\"uagb-inline-editing\">Skontaktuj si\u0119 z nami<\/span><\/a><\/div><\/div><\/div>\n<\/div><\/div>\n\n\n\n<p><\/p>\n","protected":false},"excerpt":{"rendered":"<p>Poznaj nasz\u0105 histori\u0119 i misj\u0119 firmy DO IT Services Zajmujemy si\u0119 popraw\u0105 efektywno\u015bci technologicznej ma\u0142ych firm na \u015bl\u0105sku, oferuj\u0105c dopasowane [&hellip;]<\/p>\n","protected":false},"author":2,"featured_media":0,"parent":0,"menu_order":0,"comment_status":"closed","ping_status":"closed","template":"","meta":{"_uag_custom_page_level_css":"","site-sidebar-layout":"default","site-content-layout":"","ast-site-content-layout":"default","site-content-style":"default","site-sidebar-style":"default","ast-global-header-display":"","ast-banner-title-visibility":"","ast-main-header-display":"","ast-hfb-above-header-display":"","ast-hfb-below-header-display":"","ast-hfb-mobile-header-display":"","site-post-title":"disabled","ast-breadcrumbs-content":"","ast-featured-img":"","footer-sml-layout":"","ast-disable-related-posts":"","theme-transparent-header-meta":"","adv-header-id-meta":"","stick-header-meta":"","header-above-stick-meta":"","header-main-stick-meta":"","header-below-stick-meta":"","astra-migrate-meta-layouts":"default","ast-page-background-enabled":"default","ast-page-background-meta":{"desktop":{"background-color":"var(--ast-global-color-5)","background-image":"","background-repeat":"repeat","background-position":"center center","background-size":"auto","background-attachment":"scroll","background-type":"","background-media":"","overlay-type":"","overlay-color":"","overlay-opacity":"","overlay-gradient":""},"tablet":{"background-color":"","background-image":"","background-repeat":"repeat","background-position":"center center","background-size":"auto","background-attachment":"scroll","background-type":"","background-media":"","overlay-type":"","overlay-color":"","overlay-opacity":"","overlay-gradient":""},"mobile":{"background-color":"","background-image":"","background-repeat":"repeat","background-position":"center center","background-size":"auto","background-attachment":"scroll","background-type":"","background-media":"","overlay-type":"","overlay-color":"","overlay-opacity":"","overlay-gradient":""}},"ast-content-background-meta":{"desktop":{"background-color":"var(--ast-global-color-4)","background-image":"","background-repeat":"repeat","background-position":"center center","background-size":"auto","background-attachment":"scroll","background-type":"","background-media":"","overlay-type":"","overlay-color":"","overlay-opacity":"","overlay-gradient":""},"tablet":{"background-color":"var(--ast-global-color-4)","background-image":"","background-repeat":"repeat","background-position":"center center","background-size":"auto","background-attachment":"scroll","background-type":"","background-media":"","overlay-type":"","overlay-color":"","overlay-opacity":"","overlay-gradient":""},"mobile":{"background-color":"var(--ast-global-color-4)","background-image":"","background-repeat":"repeat","background-position":"center center","background-size":"auto","background-attachment":"scroll","background-type":"","background-media":"","overlay-type":"","overlay-color":"","overlay-opacity":"","overlay-gradient":""}},"footnotes":""},"class_list":["post-23","page","type-page","status-publish","hentry"],"uagb_featured_image_src":{"full":false,"thumbnail":false,"medium":false,"medium_large":false,"large":false,"1536x1536":false,"2048x2048":false},"uagb_author_info":{"display_name":"Administrator","author_link":"https:\/\/doitservices.ovh\/index.php\/author\/administrator\/"},"uagb_comment_info":0,"uagb_excerpt":"Poznaj nasz\u0105 histori\u0119 i misj\u0119 firmy DO IT Services Zajmujemy si\u0119 popraw\u0105 efektywno\u015bci technologicznej ma\u0142ych firm na \u015bl\u0105sku, oferuj\u0105c dopasowane [&hellip;]","_links":{"self":[{"href":"https:\/\/doitservices.ovh\/index.php\/wp-json\/wp\/v2\/pages\/23","targetHints":{"allow":["GET"]}}],"collection":[{"href":"https:\/\/doitservices.ovh\/index.php\/wp-json\/wp\/v2\/pages"}],"about":[{"href":"https:\/\/doitservices.ovh\/index.php\/wp-json\/wp\/v2\/types\/page"}],"author":[{"embeddable":true,"href":"https:\/\/doitservices.ovh\/index.php\/wp-json\/wp\/v2\/users\/2"}],"replies":[{"embeddable":true,"href":"https:\/\/doitservices.ovh\/index.php\/wp-json\/wp\/v2\/comments?post=23"}],"version-history":[{"count":6,"href":"https:\/\/doitservices.ovh\/index.php\/wp-json\/wp\/v2\/pages\/23\/revisions"}],"predecessor-version":[{"id":431,"href":"https:\/\/doitservices.ovh\/index.php\/wp-json\/wp\/v2\/pages\/23\/revisions\/431"}],"wp:attachment":[{"href":"https:\/\/doitservices.ovh\/index.php\/wp-json\/wp\/v2\/media?parent=23"}],"curies":[{"name":"wp","href":"https:\/\/api.w.org\/{rel}","templated":true}]}}